{"id":73,"date":"2018-12-24T14:25:26","date_gmt":"2018-12-24T11:25:26","guid":{"rendered":"http:\/\/bestimagedemo.com\/trbor\/?page_id=73"},"modified":"2022-12-21T17:20:19","modified_gmt":"2022-12-21T14:20:19","slug":"about-us","status":"publish","type":"page","link":"https:\/\/www.trbor.com.tr\/en\/about-us\/","title":{"rendered":"About Us"},"content":{"rendered":"\n<p><em>TRBOR, whose foundations were laid in 2018, carries out R&amp;D and P&amp;D studies with the aim of being transformed into products with high added value in facilities equipped with high technology at global standards of boron mineral, which is one of the most valuable underground resources of our country;<\/em><\/p>\n\n\n\n<p><em>Approximately 73% of the world&#8217;s boron mineral reserves are located in our country. Turkey has an important position with the reserves located in Bursa, Eski\u015fehir, Bal\u0131kesir and K\u00fctahya.<\/em><\/p>\n\n\n\n<p><em>Boron forms compounds with different properties with various metals or nonmetals. Boron element and various boron compounds are used in many fields such as defense industry, automotive, aerospace, electronics, energy, nanotechnology, nuclear industry and its applications.<\/em><\/p>\n\n\n\n<p><em>Focusing on developing sharing and win-win relations across the country within the framework of the &#8220;National Technology Move&#8221;, TRBOR aims to add value to the national economy with its innovation and technology management experience.<\/em><\/p>\n","protected":false},"excerpt":{"rendered":"<p>TRBOR, whose foundations were laid in 2018, carries out R&amp;D and P&amp;D studies with the aim of being transformed into products with high added value&#8230;<\/p>\n","protected":false},"author":1,"featured_media":77,"parent":0,"menu_order":0,"comment_status":"closed","ping_status":"closed","template":"","meta":[],"yoast_head":"<!-- This site is optimized with the Yoast SEO plugin v19.13 - https:\/\/yoast.com\/wordpress\/plugins\/seo\/ -->\n<title>About Us - TRBOR<\/title>\n<meta name=\"robots\" content=\"index, follow, max-snippet:-1, max-image-preview:large, max-video-preview:-1\" \/>\n<link rel=\"canonical\" href=\"https:\/\/www.trbor.com.tr\/en\/about-us\/\" \/>\n<meta property=\"og:locale\" content=\"en_US\" \/>\n<meta property=\"og:type\" content=\"article\" \/>\n<meta property=\"og:title\" content=\"About Us - TRBOR\" \/>\n<meta property=\"og:description\" content=\"TRBOR, whose foundations were laid in 2018, carries out R&amp;D and P&amp;D studies with the aim of being transformed into products with high added value...\" \/>\n<meta property=\"og:url\" content=\"https:\/\/www.trbor.com.tr\/en\/about-us\/\" \/>\n<meta property=\"og:site_name\" content=\"TRBOR\" \/>\n<meta property=\"article:modified_time\" content=\"2022-12-21T14:20:19+00:00\" \/>\n<meta property=\"og:image\" content=\"https:\/\/www.trbor.com.tr\/en\/wp-content\/uploads\/2018\/12\/headerbg.png\" \/>\n\t<meta property=\"og:image:width\" content=\"1920\" \/>\n\t<meta property=\"og:image:height\" content=\"228\" \/>\n\t<meta property=\"og:image:type\" content=\"image\/png\" \/>\n<meta name=\"twitter:card\" content=\"summary_large_image\" \/>\n<meta name=\"twitter:label1\" content=\"Est. reading time\" \/>\n\t<meta name=\"twitter:data1\" content=\"1 minute\" \/>\n<script type=\"application\/ld+json\" class=\"yoast-schema-graph\">{\"@context\":\"https:\/\/schema.org\",\"@graph\":[{\"@type\":\"WebPage\",\"@id\":\"https:\/\/www.trbor.com.tr\/en\/about-us\/\",\"url\":\"https:\/\/www.trbor.com.tr\/en\/about-us\/\",\"name\":\"About Us - TRBOR\",\"isPartOf\":{\"@id\":\"https:\/\/www.trbor.com.tr\/en\/#website\"},\"datePublished\":\"2018-12-24T11:25:26+00:00\",\"dateModified\":\"2022-12-21T14:20:19+00:00\",\"breadcrumb\":{\"@id\":\"https:\/\/www.trbor.com.tr\/en\/about-us\/#breadcrumb\"},\"inLanguage\":\"en-US\",\"potentialAction\":[{\"@type\":\"ReadAction\",\"target\":[\"https:\/\/www.trbor.com.tr\/en\/about-us\/\"]}]},{\"@type\":\"BreadcrumbList\",\"@id\":\"https:\/\/www.trbor.com.tr\/en\/about-us\/#breadcrumb\",\"itemListElement\":[{\"@type\":\"ListItem\",\"position\":1,\"name\":\"Ana sayfa\",\"item\":\"https:\/\/www.trbor.com.tr\/en\/\"},{\"@type\":\"ListItem\",\"position\":2,\"name\":\"About Us\"}]},{\"@type\":\"WebSite\",\"@id\":\"https:\/\/www.trbor.com.tr\/en\/#website\",\"url\":\"https:\/\/www.trbor.com.tr\/en\/\",\"name\":\"TRBOR\",\"description\":\"\",\"potentialAction\":[{\"@type\":\"SearchAction\",\"target\":{\"@type\":\"EntryPoint\",\"urlTemplate\":\"https:\/\/www.trbor.com.tr\/en\/?s={search_term_string}\"},\"query-input\":\"required name=search_term_string\"}],\"inLanguage\":\"en-US\"}]}<\/script>\n<!-- \/ Yoast SEO plugin. -->","yoast_head_json":{"title":"About Us - TRBOR","robots":{"index":"index","follow":"follow","max-snippet":"max-snippet:-1","max-image-preview":"max-image-preview:large","max-video-preview":"max-video-preview:-1"},"canonical":"https:\/\/www.trbor.com.tr\/en\/about-us\/","og_locale":"en_US","og_type":"article","og_title":"About Us - TRBOR","og_description":"TRBOR, whose foundations were laid in 2018, carries out R&amp;D and P&amp;D studies with the aim of being transformed into products with high added value...","og_url":"https:\/\/www.trbor.com.tr\/en\/about-us\/","og_site_name":"TRBOR","article_modified_time":"2022-12-21T14:20:19+00:00","og_image":[{"width":1920,"height":228,"url":"https:\/\/www.trbor.com.tr\/en\/wp-content\/uploads\/2018\/12\/headerbg.png","type":"image\/png"}],"twitter_card":"summary_large_image","twitter_misc":{"Est. reading time":"1 minute"},"schema":{"@context":"https:\/\/schema.org","@graph":[{"@type":"WebPage","@id":"https:\/\/www.trbor.com.tr\/en\/about-us\/","url":"https:\/\/www.trbor.com.tr\/en\/about-us\/","name":"About Us - TRBOR","isPartOf":{"@id":"https:\/\/www.trbor.com.tr\/en\/#website"},"datePublished":"2018-12-24T11:25:26+00:00","dateModified":"2022-12-21T14:20:19+00:00","breadcrumb":{"@id":"https:\/\/www.trbor.com.tr\/en\/about-us\/#breadcrumb"},"inLanguage":"en-US","potentialAction":[{"@type":"ReadAction","target":["https:\/\/www.trbor.com.tr\/en\/about-us\/"]}]},{"@type":"BreadcrumbList","@id":"https:\/\/www.trbor.com.tr\/en\/about-us\/#breadcrumb","itemListElement":[{"@type":"ListItem","position":1,"name":"Ana sayfa","item":"https:\/\/www.trbor.com.tr\/en\/"},{"@type":"ListItem","position":2,"name":"About Us"}]},{"@type":"WebSite","@id":"https:\/\/www.trbor.com.tr\/en\/#website","url":"https:\/\/www.trbor.com.tr\/en\/","name":"TRBOR","description":"","potentialAction":[{"@type":"SearchAction","target":{"@type":"EntryPoint","urlTemplate":"https:\/\/www.trbor.com.tr\/en\/?s={search_term_string}"},"query-input":"required name=search_term_string"}],"inLanguage":"en-US"}]}},"_links":{"self":[{"href":"https:\/\/www.trbor.com.tr\/en\/wp-json\/wp\/v2\/pages\/73"}],"collection":[{"href":"https:\/\/www.trbor.com.tr\/en\/wp-json\/wp\/v2\/pages"}],"about":[{"href":"https:\/\/www.trbor.com.tr\/en\/wp-json\/wp\/v2\/types\/page"}],"author":[{"embeddable":true,"href":"https:\/\/www.trbor.com.tr\/en\/wp-json\/wp\/v2\/users\/1"}],"replies":[{"embeddable":true,"href":"https:\/\/www.trbor.com.tr\/en\/wp-json\/wp\/v2\/comments?post=73"}],"version-history":[{"count":13,"href":"https:\/\/www.trbor.com.tr\/en\/wp-json\/wp\/v2\/pages\/73\/revisions"}],"predecessor-version":[{"id":305,"href":"https:\/\/www.trbor.com.tr\/en\/wp-json\/wp\/v2\/pages\/73\/revisions\/305"}],"wp:featuredmedia":[{"embeddable":true,"href":"https:\/\/www.trbor.com.tr\/en\/wp-json\/wp\/v2\/media\/77"}],"wp:attachment":[{"href":"https:\/\/www.trbor.com.tr\/en\/wp-json\/wp\/v2\/media?parent=73"}],"curies":[{"name":"wp","href":"https:\/\/api.w.org\/{rel}","templated":true}]}}